{"id":80,"date":"2018-09-16T07:19:58","date_gmt":"2018-09-16T07:19:58","guid":{"rendered":"http:\/\/kskarbowiak.pl\/?page_id=80"},"modified":"2019-01-24T17:59:55","modified_gmt":"2019-01-24T17:59:55","slug":"rodo","status":"publish","type":"page","link":"https:\/\/kskarbowiak.pl\/?page_id=80","title":{"rendered":"RODO"},"content":{"rendered":"<h3><span style=\"color: #000000;\">Realizacja obowi\u0105zku informacyjnego o ochronie danych osobowych<\/span><\/h3>\n<p><span style=\"color: #000000;\">Na podstawie art. 13 ust. 1 i 2 rozporz\u0105dzenia Parlamentu Europejskiego i Rady (UE) 2016\/679 z dnia 27 kwietnia 2016r. w sprawie ochrony os\u00f3b fizycznych w zwi\u0105zku z przetwarzaniem danych osobowych i w sprawie swobodnego przep\u0142ywu takich danych oraz uchylenia dyrektywy 95\/46\/WE (og\u00f3lne rozporz\u0105dzenie o ochronie danych osobowych), informuj\u0119, \u017ce:<\/span><\/p>\n<ul>\n<li><span style=\"color: #000000;\">Administratorem Pana\/Pani danych osobowych jest KS Projekt Szymon Karbowiak, ul. Buk\u00f3wko 1A\/2, 63-700 Krotoszyn, nr telefonu: 662-07-29-07, e-mail: <a style=\"color: #000000;\" href=\"mailto:szymon@kskarbowiak.pl\">szymon@kskarbowiak.pl<\/a>.<\/span><\/li>\n<li><span style=\"color: #000000;\">Cel przetwarzania, podstaw\u0119 prawn\u0105 oraz okres przechowywania danych osobowych przedstawia poni\u017cszy schemat:<\/span><br \/>\n<span style=\"color: #000000;\"><em>cel przetwarzania<\/em> \u2013 rekrutacja pracownik\u00f3w;<\/span><br \/>\n<span style=\"color: #000000;\"><em>podstawa prawna przetwarzania<\/em>\u00a0\u2013 ustawa z dnia 26 czerwca 1974r. Kodeks pracy; zgoda osoby, kt\u00f3rej dane dotycz\u0105;<\/span><br \/>\n<span style=\"color: #000000;\"><em>okres przechowywania danych<\/em> \u2013 5 lat.<\/span><\/li>\n<\/ul>\n<ul>\n<li><span style=\"color: #000000;\">W zakresie przetwarzania danych osobowych posiadaj\u0105 Pa\u0144stwo nast\u0119puj\u0105ce prawa:<\/span><br \/>\n<span style=\"color: #000000;\"><em>dost\u0119pu do tre\u015bci swoich danych <\/em>\u2013 korzystaj\u0105c z tego prawa maj\u0105 Pa\u0144stwo mo\u017cliwo\u015b\u0107 pozyskania informacji, jakie dane, w jaki spos\u00f3b i w jakim celu s\u0105 przetwarzane;<\/span><br \/>\n<span style=\"color: #000000;\"><em>prawo ich sprostowania <\/em>\u2013 korzystaj\u0105c z tego prawa mog\u0105 Pa\u0144stwo zg\u0142osi\u0107 do firmy konieczno\u015b\u0107 poprawienia niepoprawnych danych lub uzupe\u0142nienia danych wynikaj\u0105cych z b\u0142\u0119du przy zbieraniu, czy przetwarzaniu danych;<\/span><br \/>\n<span style=\"color: #000000;\"><em>prawo do usuni\u0119cia<\/em> \u2013 korzystaj\u0105c z tego prawa mog\u0105 Pa\u0144stwo z\u0142o\u017cy\u0107 wniosek o usuni\u0119cie danych. W przypadku zasadno\u015bci wniosku dokonamy niezw\u0142ocznego usuni\u0119cia danych. Prawo to nie dotyczy jednak sytuacji, gdy dane osobowe przetwarzane s\u0105 do cel\u00f3w zwi\u0105zanych z wywi\u0105zywaniem si\u0119 z prawnych obowi\u0105zk\u00f3w administratora lub do wykonania zadania realizowanego w interesie publicznym lub w ramach w\u0142adzy publicznej powierzonej administratorowi;<\/span><br \/>\n<span style=\"color: #000000;\"><em>prawo do ograniczenia przetwarzania<\/em> \u2013 korzystaj\u0105c z tego prawa mog\u0105 Pa\u0144stwo z\u0142o\u017cy\u0107 wniosek o ograniczenie przetwarzania danych, w razie kwestionowania prawid\u0142owo\u015b\u0107 przetwarzanych danych. W przypadku zasadno\u015bci wniosku mo\u017cemy dane jedynie przechowywa\u0107. Odblokowanie przetwarzania mo\u017ce odby\u0107 si\u0119 po ustaniu przes\u0142anek uzasadniaj\u0105cych ograniczenie przetwarzania;<\/span><br \/>\n<span style=\"color: #000000;\"><em>prawo do przenoszenia danych<\/em> \u2013 ma zastosowanie jedynie w przypadkach je\u017celi dane s\u0105 przetwarzane na podstawie zgody i w spos\u00f3b zautomatyzowany;<\/span><br \/>\n<span style=\"color: #000000;\"><em>prawo wniesienia sprzeciwu<\/em> \u2013 korzystaj\u0105c z tego prawa mog\u0105 Pa\u0144stwo w dowolnym momencie wnie\u015b\u0107 sprzeciw wobec przetwarzania Pa\u0144stwa danych, je\u017celi s\u0105 one przetwarzane na podstawie art. 6 ust. 1 lit e lub f (prawnie uzasadniony interes lub interes publiczny). Po przyj\u0119ciu wniosku w tej sprawie jeste\u015bmy zobowi\u0105zani do zaprzestania przetwarzania danych w tym celu. W takiej sytuacji, po rozpatrzeniu Pa\u0144stwa wniosku, nie b\u0119dziemy ju\u017c mogli przetwarza\u0107 danych osobowych obj\u0119tych sprzeciwem na tej podstawie, chyba \u017ce wyka\u017cemy, i\u017c istniej\u0105 wa\u017cne prawnie uzasadnione podstawy do przetwarzania danych, kt\u00f3re wed\u0142ug prawa uznaje si\u0119 za nadrz\u0119dne wobec Pa\u0144stwa interes\u00f3w, praw i wolno\u015bci lub podstawy do ustalenia, dochodzenia lub obrony roszcze\u0144;<\/span><br \/>\n<span style=\"color: #000000;\"><em>prawo do cofni\u0119cia zgody na ich przetwarzanie<\/em> \u2013 w dowolnym momencie bez wp\u0142ywu na zgodno\u015b\u0107 z prawem przetwarzania, w wypadku je\u017celi przetwarzania, kt\u00f3rego dokonano na podstawie zgody wyra\u017conej przed jej cofni\u0119ciem.<\/span><\/li>\n<\/ul>\n<ul>\n<li><span style=\"color: #000000;\">Maj\u0105 Pa\u0144stwo prawo wniesienia skargi do organu nadzorczego tj. Prezesa Urz\u0119du Ochrony Danych Osobowych, gdy uznaj\u0105 Pa\u0144stwo, i\u017c przetwarzanie danych osobowych Pa\u0144stwa dotycz\u0105cych narusza przepisy prawa.<\/span><\/li>\n<li><span style=\"color: #000000;\">Podanie przez Pa\u0144stwa danych osobowych jest dobrowolne za wyj\u0105tkiem cel\u00f3w wynikaj\u0105cych z przepis\u00f3w prawa, gdzie podanie danych jest obowi\u0105zkowe. Niepodanie danych osobowych b\u0119dzie skutkowa\u0142o nie zrealizowaniem celu, dla kt\u00f3rego mia\u0142y by\u0107 przetwarzane.<\/span><\/li>\n<li><span style=\"color: #000000;\">Pa\u0144stwa dane nie b\u0119d\u0105 podlega\u0107 zautomatyzowanemu podejmowaniu decyzji, w tym r\u00f3wnie\u017c w formie profilowania.<\/span><\/li>\n<li><span style=\"color: #000000;\">Pa\u0144stwa dane nie b\u0119d\u0105 przekazywane odbiorcom danych ani nie b\u0119d\u0105 przekazywane do pa\u0144stwa trzeciego lub organizacji mi\u0119dzynarodowej z wy\u0142\u0105czeniem sytuacji wynikaj\u0105cych z przepis\u00f3w prawa.<\/span><\/li>\n<\/ul>\n","protected":false},"excerpt":{"rendered":"<p>Realizacja obowi\u0105zku informacyjnego o ochronie danych osobowych Na podstawie art. 13 ust. 1 i 2 rozporz\u0105dzenia Parlamentu Europejskiego i Rady (UE) 2016\/679 z dnia 27 kwietnia 2016r. w sprawie ochrony os\u00f3b fizycznych w zwi\u0105zku z przetwarzaniem danych osobowych i w sprawie swobodnego przep\u0142ywu takich danych oraz uchylenia dyrektywy 95\/46\/WE (og\u00f3lne rozporz\u0105dzenie o ochronie danych osobowych), &hellip; <\/p>\n<p class=\"link-more\"><a href=\"https:\/\/kskarbowiak.pl\/?page_id=80\" class=\"more-link\">Czytaj dalej<span class=\"screen-reader-text\"> RODO<\/span><\/a><\/p>\n","protected":false},"author":1,"featured_media":0,"parent":0,"menu_order":4,"comment_status":"closed","ping_status":"closed","template":"","meta":{"footnotes":""},"class_list":["post-80","page","type-page","status-publish","hentry"],"_links":{"self":[{"href":"https:\/\/kskarbowiak.pl\/index.php?rest_route=\/wp\/v2\/pages\/80","targetHints":{"allow":["GET"]}}],"collection":[{"href":"https:\/\/kskarbowiak.pl\/index.php?rest_route=\/wp\/v2\/pages"}],"about":[{"href":"https:\/\/kskarbowiak.pl\/index.php?rest_route=\/wp\/v2\/types\/page"}],"author":[{"embeddable":true,"href":"https:\/\/kskarbowiak.pl\/index.php?rest_route=\/wp\/v2\/users\/1"}],"replies":[{"embeddable":true,"href":"https:\/\/kskarbowiak.pl\/index.php?rest_route=%2Fwp%2Fv2%2Fcomments&post=80"}],"version-history":[{"count":5,"href":"https:\/\/kskarbowiak.pl\/index.php?rest_route=\/wp\/v2\/pages\/80\/revisions"}],"predecessor-version":[{"id":94,"href":"https:\/\/kskarbowiak.pl\/index.php?rest_route=\/wp\/v2\/pages\/80\/revisions\/94"}],"wp:attachment":[{"href":"https:\/\/kskarbowiak.pl\/index.php?rest_route=%2Fwp%2Fv2%2Fmedia&parent=80"}],"curies":[{"name":"wp","href":"https:\/\/api.w.org\/{rel}","templated":true}]}}