{"id":5,"date":"2016-05-10T03:48:21","date_gmt":"2016-05-10T03:48:21","guid":{"rendered":"http:\/\/wordpress1825513.home.pl\/autoinstalator\/wordpressplus\/?page_id=2"},"modified":"2019-01-24T17:53:58","modified_gmt":"2019-01-24T17:53:58","slug":"zakres-uslug","status":"publish","type":"page","link":"https:\/\/kskarbowiak.pl\/","title":{"rendered":"Zakres us\u0142ug"},"content":{"rendered":"<h3><span style=\"color: #000000;\">Firma KS Projekt Szymon Karbowiak prowadzi dzia\u0142alno\u015b\u0107 obejmuj\u0105c\u0105 nast\u0119puj\u0105cy zakres specjalizacji: <\/span><\/h3>\n<ul>\n<li><span style=\"color: #000000;\">sieci kanalizacyjne grawitacyjne i t\u0142oczne wraz z pompowniami dla \u015bciek\u00f3w bytowo-gospodarczych, komunalnych, przemys\u0142owych, deszczowych;<\/span><\/li>\n<li><span style=\"color: #000000;\">przy\u0142\u0105cza kanalizacji sanitarnej i deszczowej oraz instalacje kanalizacyjne;<\/span><\/li>\n<li><span style=\"color: #000000;\">sieci wodoci\u0105gowe przesy\u0142owe, magistralne i rozdzielcze;<\/span><\/li>\n<li><span style=\"color: #000000;\">przy\u0142\u0105cza wodoci\u0105gowe i instalacje wodoci\u0105gowe;<\/span><\/li>\n<li><span style=\"color: #000000;\">zaopatrzenie w wod\u0119, w tym m. in. uj\u0119cia i zak\u0142ady uzdatniania wody, zbiorniki wodoci\u0105gowe, pompownie wodoci\u0105gowe;<\/span><\/li>\n<li><span style=\"color: #000000;\">oczyszczalnie \u015bciek\u00f3w bytowo-gospodarczych, komunalnych;<\/span><\/li>\n<li><span style=\"color: #000000;\">przy\u0142\u0105cza i instalacje gazowe.<\/span><\/li>\n<\/ul>\n<h3><span style=\"color: #000000;\">Oferujemy Pa\u0144stwu:<strong><br \/>\n<\/strong><\/span><\/h3>\n<h5><span style=\"color: #000000;\">1) Projektowanie instalacji sanitarnych:<\/span><\/h5>\n<ul>\n<li><span style=\"color: #000000;\">wykonanie wielobran\u017cowych dokumentacji projektowych (koncepcje, projekty budowlane i wykonawcze) wraz z uzyskaniem pozwolenia na budow\u0119 lub zg\u0142oszenia, wobec kt\u00f3rych organ nie wni\u00f3s\u0142 sprzeciwu;<\/span><\/li>\n<li><span style=\"color: #000000;\">operaty wodnoprawne wraz z uzyskaniem pozwolenia wodnoprawnego;<\/span><\/li>\n<li><span style=\"color: #000000;\">nadzory autorskie;<\/span><\/li>\n<li><span style=\"color: #000000;\">organizowanie i prowadzenie realizacji zada\u0144 inwestycyjnych, modernizacyjnych lub remontowych;<\/span><\/li>\n<li><span style=\"color: #000000;\">kompletacje dostaw urz\u0105dze\u0144 i element\u00f3w wyposa\u017cenia obiekt\u00f3w budowlanych;<\/span><\/li>\n<li><span style=\"color: #000000;\">wykonanie dokumentacji inwentaryzacyjnych, ekspertyz technicznych, opinii oraz doradztwo techniczno-ekonomiczne i organizacyjne;<\/span><\/li>\n<li><span style=\"color: #000000;\">doradztwo w zakresie formalno-prawnym zwi\u0105zanym z procesem inwestycyjnym.<\/span><\/li>\n<\/ul>\n<h5><span style=\"color: #000000;\">2) Kierowanie robotami budowlanymi:<\/span><\/h5>\n<ul>\n<li><span style=\"color: #000000;\">kierownik rob\u00f3t sanitarnych;<\/span><\/li>\n<li><span style=\"color: #000000;\">inspektor nadzoru inwestorskiego;<\/span><\/li>\n<li><span style=\"color: #000000;\">sprawowanie kontroli technicznej utrzymania obiekt\u00f3w budowlanych;<\/span><\/li>\n<li><span style=\"color: #000000;\">kontrola zgodno\u015bci wykonania rob\u00f3t z projektem, obowi\u0105zuj\u0105cymi przepisami oraz wiedz\u0105 techniczn\u0105.<\/span><\/li>\n<\/ul>\n<h3><span style=\"color: #000000;\">Firma KS Projekt Szymon Karbowiak gwarantuje wysoki poziom techniczny oraz rzetelno\u015b\u0107 wykonania powierzonych prac.<\/span><\/h3>\n<p>&nbsp;<\/p>\n","protected":false},"excerpt":{"rendered":"<p>Firma KS Projekt Szymon Karbowiak prowadzi dzia\u0142alno\u015b\u0107 obejmuj\u0105c\u0105 nast\u0119puj\u0105cy zakres specjalizacji: sieci kanalizacyjne grawitacyjne i t\u0142oczne wraz z pompowniami dla \u015bciek\u00f3w bytowo-gospodarczych, komunalnych, przemys\u0142owych, deszczowych; przy\u0142\u0105cza kanalizacji sanitarnej i deszczowej oraz instalacje kanalizacyjne; sieci wodoci\u0105gowe przesy\u0142owe, magistralne i rozdzielcze; przy\u0142\u0105cza wodoci\u0105gowe i instalacje wodoci\u0105gowe; zaopatrzenie w wod\u0119, w tym m. in. uj\u0119cia i zak\u0142ady uzdatniania &hellip; <\/p>\n<p class=\"link-more\"><a href=\"https:\/\/kskarbowiak.pl\/\" class=\"more-link\">Czytaj dalej<span class=\"screen-reader-text\"> Zakres us\u0142ug<\/span><\/a><\/p>\n","protected":false},"author":1,"featured_media":0,"parent":0,"menu_order":1,"comment_status":"closed","ping_status":"closed","template":"","meta":{"footnotes":""},"class_list":["post-5","page","type-page","status-publish","hentry"],"_links":{"self":[{"href":"https:\/\/kskarbowiak.pl\/index.php?rest_route=\/wp\/v2\/pages\/5","targetHints":{"allow":["GET"]}}],"collection":[{"href":"https:\/\/kskarbowiak.pl\/index.php?rest_route=\/wp\/v2\/pages"}],"about":[{"href":"https:\/\/kskarbowiak.pl\/index.php?rest_route=\/wp\/v2\/types\/page"}],"author":[{"embeddable":true,"href":"https:\/\/kskarbowiak.pl\/index.php?rest_route=\/wp\/v2\/users\/1"}],"replies":[{"embeddable":true,"href":"https:\/\/kskarbowiak.pl\/index.php?rest_route=%2Fwp%2Fv2%2Fcomments&post=5"}],"version-history":[{"count":6,"href":"https:\/\/kskarbowiak.pl\/index.php?rest_route=\/wp\/v2\/pages\/5\/revisions"}],"predecessor-version":[{"id":92,"href":"https:\/\/kskarbowiak.pl\/index.php?rest_route=\/wp\/v2\/pages\/5\/revisions\/92"}],"wp:attachment":[{"href":"https:\/\/kskarbowiak.pl\/index.php?rest_route=%2Fwp%2Fv2%2Fmedia&parent=5"}],"curies":[{"name":"wp","href":"https:\/\/api.w.org\/{rel}","templated":true}]}}