{"id":37,"date":"2018-07-12T22:19:51","date_gmt":"2018-07-12T22:19:51","guid":{"rendered":"http:\/\/wordpress1825513.home.pl\/autoinstalator\/wordpressplus\/?page_id=37"},"modified":"2019-01-24T18:17:17","modified_gmt":"2019-01-24T18:17:17","slug":"im","status":"publish","type":"page","link":"https:\/\/kskarbowiak.pl\/?page_id=37","title":{"rendered":"I&#8217;m"},"content":{"rendered":"<p style=\"margin: 0cm 0cm 0.0001pt; text-align: left;\"><span style=\"font-family: 'Arial', 'sans-serif'; color: #000000;\"><strong>KS Projekt Szymon Karbowiak<\/strong> oferuje Pa\u0144stwu kompleksowe i profesjonalne\u00a0<strong>opracowanie dokumentacji projektowych <\/strong>oraz<strong> kierowanie budow\u0105 i pe\u0142nienie nadzoru inwestorskiego<\/strong> w zakresie gospodarki wodno-\u015bciekowej. Wszystkie wykonywane us\u0142ugi s\u0105 na najwy\u017cszym poziomie, dzi\u0119ki wieloletniemu do\u015bwiadczeniu wykwalifikowanej kadry in\u017cynierskiej, co zapewnia wysok\u0105 jako\u015b\u0107 us\u0142ug i terminowe zrealizowanie powierzonych zada\u0144. <\/span><\/p>\n<p>&nbsp;<\/p>\n<p style=\"margin: 0cm 0cm 0.0001pt; text-align: left;\"><span style=\"font-family: 'Arial', 'sans-serif'; color: #000000;\">Us\u0142ugi <strong>projektowe<\/strong> oraz <strong>kierownicze<\/strong> wykonywane s\u0105 przez in\u017cynier\u00f3w z uprawnieniami do projektowania i kierowania robotami budowlanymi bez ogranicze\u0144 w <strong>specjalno\u015bci instalacyjnej w zakresie sieci, instalacji i urz\u0105dze\u0144 ciep\u0142owniczych, wentylacyjnych, gazowych, wodoci\u0105gowych i kanalizacyjnych. <\/strong><\/span><\/p>\n<p style=\"margin: 0cm 0cm 0.0001pt; text-align: left;\"><span style=\"font-family: 'Arial', 'sans-serif'; color: #000000;\">Bior\u0105c pod uwag\u0119 oczekiwania naszych klient\u00f3w zapewniamy kompleksowo\u015b\u0107 realizacji powierzonych zada\u0144 wsp\u00f3\u0142pracuj\u0105c z in\u017cynierami w r\u00f3\u017cnych specjalno\u015bciach. <\/span><\/p>\n<p>&nbsp;<\/p>\n<p style=\"margin: 0cm 0cm 0.0001pt; text-align: left;\"><span style=\"font-family: 'Arial', 'sans-serif'; color: #000000;\">Firma<strong> KS Projekt Szymon Karbowiak podejmuje wyzwania niezale\u017cnie od skali przedsi\u0119wzi\u0119cia oraz zgodnie z oczekiwaniami Inwestora.<\/strong> <\/span><\/p>\n<p>&nbsp;<\/p>\n<p style=\"margin: 0cm 0cm 0.0001pt; text-align: left;\"><span style=\"font-family: 'Arial', 'sans-serif'; color: #000000;\">Dzi\u0119kujemy Pa\u0144stwu za po\u015bwi\u0119cony czas na zapoznanie si\u0119 z ofert\u0105. <\/span><\/p>\n<h4><span style=\"color: #000000;\"><strong>Zapraszam\u00a0 do\u00a0 wsp\u00f3\u0142pracy!<\/strong><\/span><\/h4>\n","protected":false},"excerpt":{"rendered":"<p>KS Projekt Szymon Karbowiak oferuje Pa\u0144stwu kompleksowe i profesjonalne\u00a0opracowanie dokumentacji projektowych oraz kierowanie budow\u0105 i pe\u0142nienie nadzoru inwestorskiego w zakresie gospodarki wodno-\u015bciekowej. Wszystkie wykonywane us\u0142ugi s\u0105 na najwy\u017cszym poziomie, dzi\u0119ki wieloletniemu do\u015bwiadczeniu wykwalifikowanej kadry in\u017cynierskiej, co zapewnia wysok\u0105 jako\u015b\u0107 us\u0142ug i terminowe zrealizowanie powierzonych zada\u0144. &nbsp; Us\u0142ugi projektowe oraz kierownicze wykonywane s\u0105 przez in\u017cynier\u00f3w z &hellip; <\/p>\n<p class=\"link-more\"><a href=\"https:\/\/kskarbowiak.pl\/?page_id=37\" class=\"more-link\">Czytaj dalej<span class=\"screen-reader-text\"> I&#8217;m<\/span><\/a><\/p>\n","protected":false},"author":1,"featured_media":0,"parent":0,"menu_order":3,"comment_status":"closed","ping_status":"closed","template":"","meta":{"footnotes":""},"class_list":["post-37","page","type-page","status-publish","hentry"],"_links":{"self":[{"href":"https:\/\/kskarbowiak.pl\/index.php?rest_route=\/wp\/v2\/pages\/37","targetHints":{"allow":["GET"]}}],"collection":[{"href":"https:\/\/kskarbowiak.pl\/index.php?rest_route=\/wp\/v2\/pages"}],"about":[{"href":"https:\/\/kskarbowiak.pl\/index.php?rest_route=\/wp\/v2\/types\/page"}],"author":[{"embeddable":true,"href":"https:\/\/kskarbowiak.pl\/index.php?rest_route=\/wp\/v2\/users\/1"}],"replies":[{"embeddable":true,"href":"https:\/\/kskarbowiak.pl\/index.php?rest_route=%2Fwp%2Fv2%2Fcomments&post=37"}],"version-history":[{"count":6,"href":"https:\/\/kskarbowiak.pl\/index.php?rest_route=\/wp\/v2\/pages\/37\/revisions"}],"predecessor-version":[{"id":97,"href":"https:\/\/kskarbowiak.pl\/index.php?rest_route=\/wp\/v2\/pages\/37\/revisions\/97"}],"wp:attachment":[{"href":"https:\/\/kskarbowiak.pl\/index.php?rest_route=%2Fwp%2Fv2%2Fmedia&parent=37"}],"curies":[{"name":"wp","href":"https:\/\/api.w.org\/{rel}","templated":true}]}}